{"id":1865,"date":"2025-04-23T15:26:09","date_gmt":"2025-04-23T15:26:09","guid":{"rendered":"https:\/\/restaurantebarsantiago.com\/datenschutzbestimmungen\/"},"modified":"2025-05-05T21:49:45","modified_gmt":"2025-05-05T21:49:45","slug":"datenschutzbestimmungen","status":"publish","type":"page","link":"https:\/\/restaurantebarsantiago.com\/de\/datenschutzbestimmungen\/","title":{"rendered":"Datenschutzbestimmungen"},"content":{"rendered":"\n<h5 class=\"wp-block-heading\"><strong>Zuletzt aktualisiert: [25\/04\/2025].<\/strong><\/h5>\n\n<p>In \u00dcbereinstimmung mit den Bestimmungen der Verordnung (EU) 2016\/679 des Europ\u00e4ischen Parlaments und des Rates (RGPD) und dem Organgesetz 3\/2018 \u00fcber den Schutz personenbezogener Daten und die Gew\u00e4hrleistung digitaler Rechte informieren wir Sie dar\u00fcber, wie Ihre personenbezogenen Daten beim Surfen auf dieser Website verarbeitet werden.<\/p>\n\n<hr class=\"wp-block-separator has-alpha-channel-opacity\"\/>\n\n<h3 class=\"wp-block-heading\">1. der f\u00fcr die Datenverarbeitung Verantwortliche<\/h3>\n\n<p><strong>Eigent\u00fcmer:<\/strong> Cafeter\u00eda Restaurante Santiago<br\/><strong>Adresse:<\/strong> Paseo do Malec\u00f3n, 15 &#8211; 27600 Sarria (Lugo)<br\/><strong>Kontakttelefon:<\/strong> 982 532 564<\/p>\n\n<hr class=\"wp-block-separator has-alpha-channel-opacity\"\/>\n\n<h3 class=\"wp-block-heading\">2. Daten, die wir sammeln<\/h3>\n\n<p>Diese Website sammelt keine pers\u00f6nlichen Daten von Benutzern \u00fcber Formulare.<br\/>kann jedoch automatisch Informationen sammeln:<\/p>\n\n<ul class=\"wp-block-list\">\n<li><strong>Technische Cookies<\/strong> f\u00fcr den grundlegenden Betrieb der Website<\/li>\n\n\n\n<li><strong>Cookies von Drittanbietern<\/strong>, wie z.B. Google Analytics (falls installiert), um Browsing-Statistiken zu erhalten.<\/li>\n<\/ul>\n\n<hr class=\"wp-block-separator has-alpha-channel-opacity\"\/>\n\n<h3 class=\"wp-block-heading\">3. Zweck der Verarbeitung<\/h3>\n\n<p>Die automatisch erfassten Daten werden verwendet, um:<\/p>\n\n<ul class=\"wp-block-list\">\n<li>Verbesserung der Benutzerfreundlichkeit<\/li>\n\n\n\n<li>Analysieren Sie Website-Traffic und Nutzung<\/li>\n\n\n\n<li>Gew\u00e4hrleistung der Sicherheit und des ordnungsgem\u00e4\u00dfen Funktionierens der Website<\/li>\n<\/ul>\n\n<hr class=\"wp-block-separator has-alpha-channel-opacity\"\/>\n\n<h3 class=\"wp-block-heading\">4. Legitimation f\u00fcr die Verarbeitung<\/h3>\n\n<p>Die Rechtsgrundlage f\u00fcr die Datenverarbeitung ist die Zustimmung des Nutzers zur Verwendung nicht wesentlicher Cookies (\u00fcber das Cookie-Banner, falls Sie es implementiert haben).<\/p>\n\n<hr class=\"wp-block-separator has-alpha-channel-opacity\"\/>\n\n<h3 class=\"wp-block-heading\">5. \u00dcbertragung von Daten<\/h3>\n\n<p>Es werden keine Daten an Dritte weitergegeben, es sei denn, Sie sind gesetzlich dazu verpflichtet oder nutzen externe Dienste wie Google Maps oder Buchungssysteme von Dritten (die ihre eigenen Datenschutzrichtlinien haben).<\/p>\n\n<hr class=\"wp-block-separator has-alpha-channel-opacity\"\/>\n\n<h3 class=\"wp-block-heading\">6. Benutzerrechte<\/h3>\n\n<p>Als Nutzer haben Sie das Recht auf:<\/p>\n\n<ul class=\"wp-block-list\">\n<li>Zugriff auf Ihre pers\u00f6nlichen Daten<\/li>\n\n\n\n<li>Korrigieren Sie ungenaue Daten<\/li>\n\n\n\n<li>Beantragen Sie seine L\u00f6schung<\/li>\n\n\n\n<li>Behandlung ablehnen<\/li>\n\n\n\n<li>Beantragen Sie die Einschr\u00e4nkung der Verarbeitung<\/li>\n<\/ul>\n\n<p>Sie k\u00f6nnen diese Rechte aus\u00fcben, indem Sie an die angegebene E-Mail-Adresse schreiben oder die Kontaktnummer anrufen.<\/p>\n\n<hr class=\"wp-block-separator has-alpha-channel-opacity\"\/>\n\n<h3 class=\"wp-block-heading\">7. Datensicherheit<\/h3>\n\n<p>Wir haben die notwendigen technischen und organisatorischen Ma\u00dfnahmen ergriffen, um die Sicherheit personenbezogener Daten zu gew\u00e4hrleisten und deren \u00c4nderung, Verlust, unbefugte Verarbeitung oder Zugriff zu verhindern.<\/p>\n\n<hr class=\"wp-block-separator has-alpha-channel-opacity\"\/>\n\n<h3 class=\"wp-block-heading\">8. Links zu anderen Websites<\/h3>\n\n<p>Diese Website kann Links zu Websites von Drittanbietern (wie Google Maps) enthalten. Wir sind nicht verantwortlich f\u00fcr deren Datenschutzrichtlinien oder die Art und Weise, wie sie Ihre pers\u00f6nlichen Daten behandeln.<\/p>\n\n<hr class=\"wp-block-separator has-alpha-channel-opacity\"\/>\n\n<h3 class=\"wp-block-heading\">9. \u00c4nderungen an dieser Politik<\/h3>\n\n<p>Wir behalten uns das Recht vor, diese Richtlinie zu \u00e4ndern, um sie an neue Gesetze oder \u00c4nderungen an der Website anzupassen. Es wird empfohlen, dass sie regelm\u00e4\u00dfig \u00fcberpr\u00fcft wird.<\/p>\n\n<hr class=\"wp-block-separator has-alpha-channel-opacity\"\/>\n\n<h3 class=\"wp-block-heading\">10. Akzeptanz der Politik<\/h3>\n\n<p>Mit dem Besuch dieser Website erkl\u00e4ren Sie sich mit dieser Datenschutzrichtlinie einverstanden.<\/p>\n","protected":false},"excerpt":{"rendered":"<p>Zuletzt aktualisiert: [25\/04\/2025]. In \u00dcbereinstimmung mit den Bestimmungen der Verordnung (EU) 2016\/679 des Europ\u00e4ischen Parlaments und des Rates (RGPD) und dem Organgesetz 3\/2018 \u00fcber den Schutz personenbezogener Daten und die Gew\u00e4hrleistung digitaler Rechte informieren wir&#8230;<\/p>\n","protected":false},"author":1,"featured_media":0,"parent":0,"menu_order":0,"comment_status":"closed","ping_status":"closed","template":"","meta":{"_acf_changed":false,"footnotes":""},"class_list":["post-1865","page","type-page","status-publish","hentry"],"acf":[],"_links":{"self":[{"href":"https:\/\/restaurantebarsantiago.com\/de\/wp-json\/wp\/v2\/pages\/1865","targetHints":{"allow":["GET"]}}],"collection":[{"href":"https:\/\/restaurantebarsantiago.com\/de\/wp-json\/wp\/v2\/pages"}],"about":[{"href":"https:\/\/restaurantebarsantiago.com\/de\/wp-json\/wp\/v2\/types\/page"}],"author":[{"embeddable":true,"href":"https:\/\/restaurantebarsantiago.com\/de\/wp-json\/wp\/v2\/users\/1"}],"replies":[{"embeddable":true,"href":"https:\/\/restaurantebarsantiago.com\/de\/wp-json\/wp\/v2\/comments?post=1865"}],"version-history":[{"count":0,"href":"https:\/\/restaurantebarsantiago.com\/de\/wp-json\/wp\/v2\/pages\/1865\/revisions"}],"wp:attachment":[{"href":"https:\/\/restaurantebarsantiago.com\/de\/wp-json\/wp\/v2\/media?parent=1865"}],"curies":[{"name":"wp","href":"https:\/\/api.w.org\/{rel}","templated":true}]}}