{"id":1895,"date":"2020-02-14T10:12:29","date_gmt":"2020-02-14T10:12:29","guid":{"rendered":"https:\/\/restaurantebarsantiago.com\/camino-und-sarria\/"},"modified":"2025-05-05T23:12:04","modified_gmt":"2025-05-05T23:12:04","slug":"camino-und-sarria","status":"publish","type":"page","link":"https:\/\/restaurantebarsantiago.com\/de\/camino-und-sarria\/","title":{"rendered":"Camino und Sarria"},"content":{"rendered":"\t\t<div data-elementor-type=\"wp-page\" data-elementor-id=\"1895\" class=\"elementor elementor-1895 elementor-331\">\n\t\t\t\t\t\t<section class=\"elementor-section elementor-top-section elementor-element elementor-element-63fa546 elementor-section-boxed elementor-section-height-default elementor-section-height-default\" data-id=\"63fa546\" data-element_type=\"section\" data-e-type=\"section\">\n\t\t\t\t\t\t<div class=\"elementor-container elementor-column-gap-default\">\n\t\t\t\t\t<div class=\"elementor-column elementor-col-100 elementor-top-column elementor-element elementor-element-1c35b8d\" data-id=\"1c35b8d\" data-element_type=\"column\" data-e-type=\"column\">\n\t\t\t<div class=\"elementor-widget-wrap elementor-element-populated\">\n\t\t\t\t\t\t<div class=\"elementor-element elementor-element-485a6d1 smalltitle pcolor elementor-widget elementor-widget-heading\" data-id=\"485a6d1\" data-element_type=\"widget\" data-e-type=\"widget\" data-widget_type=\"heading.default\">\n\t\t\t\t<div class=\"elementor-widget-container\">\n\t\t\t\t\t<span class=\"elementor-heading-title elementor-size-default\">Ruhe, Geschmack und Entdeckung<\/span>\t\t\t\t<\/div>\n\t\t\t\t<\/div>\n\t\t\t\t<div class=\"elementor-element elementor-element-b1e88d3 elementor-widget elementor-widget-heading\" data-id=\"b1e88d3\" data-element_type=\"widget\" data-e-type=\"widget\" data-widget_type=\"heading.default\">\n\t\t\t\t<div class=\"elementor-widget-container\">\n\t\t\t\t\t<h2 class=\"elementor-heading-title elementor-size-default\">Sarria, viel mehr als eine B\u00fchne<\/h2>\t\t\t\t<\/div>\n\t\t\t\t<\/div>\n\t\t\t\t<div class=\"elementor-element elementor-element-01c46f6 elementor-widget elementor-widget-heading\" data-id=\"01c46f6\" data-element_type=\"widget\" data-e-type=\"widget\" data-widget_type=\"heading.default\">\n\t\t\t\t<div class=\"elementor-widget-container\">\n\t\t\t\t\t<p class=\"elementor-heading-title elementor-size-default\">Sarria ist viel mehr als nur ein Punkt auf dem Jakobsweg. Es ist eine Stadt mit Geschichte, mit lokalem Leben und mit viel zu bieten f\u00fcr diejenigen, die sich entschlie\u00dfen, einen Zwischenstopp einzulegen.\nOb Sie nun ein Pilger, ein Reisender oder ein regelm\u00e4\u00dfiger Nachbar sind, in der Cafeteria Restaurante Santiago finden Sie hausgemachtes Essen, eine freundliche Atmosph\u00e4re und eine Ecke, in der Sie sich wohlf\u00fchlen. <\/p>\t\t\t\t<\/div>\n\t\t\t\t<\/div>\n\t\t\t\t\t<\/div>\n\t\t<\/div>\n\t\t\t\t\t<\/div>\n\t\t<\/section>\n\t\t\t\t<section class=\"elementor-section elementor-top-section elementor-element elementor-element-288a35f elementor-section-boxed elementor-section-height-default elementor-section-height-default\" data-id=\"288a35f\" data-element_type=\"section\" data-e-type=\"section\">\n\t\t\t\t\t\t<div class=\"elementor-container elementor-column-gap-default\">\n\t\t\t\t\t<div class=\"elementor-column elementor-col-50 elementor-top-column elementor-element elementor-element-0297dc4\" data-id=\"0297dc4\" data-element_type=\"column\" data-e-type=\"column\">\n\t\t\t<div class=\"elementor-widget-wrap elementor-element-populated\">\n\t\t\t\t\t\t<div class=\"elementor-element elementor-element-e2b58fa smalltitle pcolor elementor-widget elementor-widget-heading\" data-id=\"e2b58fa\" data-element_type=\"widget\" data-e-type=\"widget\" data-widget_type=\"heading.default\">\n\t\t\t\t<div class=\"elementor-widget-container\">\n\t\t\t\t\t<span class=\"elementor-heading-title elementor-size-default\">Warum hier aufh\u00f6ren?<\/span>\t\t\t\t<\/div>\n\t\t\t\t<\/div>\n\t\t\t\t<div class=\"elementor-element elementor-element-fceee9d elementor-widget elementor-widget-heading\" data-id=\"fceee9d\" data-element_type=\"widget\" data-e-type=\"widget\" data-widget_type=\"heading.default\">\n\t\t\t\t<div class=\"elementor-widget-container\">\n\t\t\t\t\t<h2 class=\"elementor-heading-title elementor-size-default\">Hausgemachte Speisen und lokale Produkte  <\/h2>\t\t\t\t<\/div>\n\t\t\t\t<\/div>\n\t\t\t\t<div class=\"elementor-element elementor-element-4adfff9 elementor-widget elementor-widget-text-editor\" data-id=\"4adfff9\" data-element_type=\"widget\" data-e-type=\"widget\" data-widget_type=\"text-editor.default\">\n\t\t\t\t<div class=\"elementor-widget-container\">\n\t\t\t\t\t\t\t\t\t<ul data-start=\"1095\" data-end=\"1245\"><li class=\"\" data-start=\"1095\" data-end=\"1126\"><p class=\"\" data-start=\"1097\" data-end=\"1126\">Traditionelle galicische Gerichte<\/p><\/li><li class=\"\" data-start=\"1127\" data-end=\"1141\"><p class=\"\" data-start=\"1129\" data-end=\"1141\">Men\u00fc des Tages<\/p><\/li><li class=\"\" data-start=\"1142\" data-end=\"1178\"><p class=\"\" data-start=\"1144\" data-end=\"1178\">Gro\u00dfz\u00fcgige Portionen zum Teilen<\/p><\/li><li>Galicisches Kalbfleisch<\/li><li class=\"\" data-start=\"1179\" data-end=\"1206\"><p class=\"\" data-start=\"1181\" data-end=\"1206\">Terrasse mit Blick auf den Malec\u00f3n<\/p><\/li><li class=\"\" data-start=\"1207\" data-end=\"1245\"><p class=\"\" data-start=\"1209\" data-end=\"1245\">Lange \u00d6ffnungszeiten und famili\u00e4re Atmosph\u00e4re<\/p><\/li><\/ul><blockquote data-start=\"1247\" data-end=\"1306\"><p class=\"\" data-start=\"1249\" data-end=\"1306\"><em data-start=\"1249\" data-end=\"1306\">  Authentisch, nah und mit Wurzeln.<\/em><\/p><\/blockquote>\t\t\t\t\t\t\t\t<\/div>\n\t\t\t\t<\/div>\n\t\t\t\t\t<\/div>\n\t\t<\/div>\n\t\t\t\t<div class=\"elementor-column elementor-col-25 elementor-top-column elementor-element elementor-element-3b51bec\" data-id=\"3b51bec\" data-element_type=\"column\" data-e-type=\"column\">\n\t\t\t<div class=\"elementor-widget-wrap elementor-element-populated\">\n\t\t\t\t\t\t<div class=\"elementor-element elementor-element-a83a6ea elementor-widget elementor-widget-image\" data-id=\"a83a6ea\" data-element_type=\"widget\" data-e-type=\"widget\" data-widget_type=\"image.default\">\n\t\t\t\t<div class=\"elementor-widget-container\">\n\t\t\t\t\t\t\t\t\t\t\t\t\t\t\t<img fetchpriority=\"high\" decoding=\"async\" width=\"700\" height=\"750\" src=\"https:\/\/restaurantebarsantiago.com\/wp-content\/uploads\/2025\/04\/Diseno-sin-titulo322.jpg\" class=\"attachment-large size-large wp-image-1850\" alt=\"\" srcset=\"https:\/\/restaurantebarsantiago.com\/wp-content\/uploads\/2025\/04\/Diseno-sin-titulo322.jpg 700w, https:\/\/restaurantebarsantiago.com\/wp-content\/uploads\/2025\/04\/Diseno-sin-titulo322-280x300.jpg 280w\" sizes=\"(max-width: 700px) 100vw, 700px\" \/>\t\t\t\t\t\t\t\t\t\t\t\t\t\t\t<\/div>\n\t\t\t\t<\/div>\n\t\t\t\t\t<\/div>\n\t\t<\/div>\n\t\t\t\t<div class=\"elementor-column elementor-col-25 elementor-top-column elementor-element elementor-element-c09fc37\" data-id=\"c09fc37\" data-element_type=\"column\" data-e-type=\"column\">\n\t\t\t<div class=\"elementor-widget-wrap elementor-element-populated\">\n\t\t\t\t\t\t<div class=\"elementor-element elementor-element-9539f5e elementor-widget elementor-widget-image\" data-id=\"9539f5e\" data-element_type=\"widget\" data-e-type=\"widget\" data-widget_type=\"image.default\">\n\t\t\t\t<div class=\"elementor-widget-container\">\n\t\t\t\t\t\t\t\t\t\t\t\t\t\t\t<img decoding=\"async\" width=\"700\" height=\"750\" src=\"https:\/\/restaurantebarsantiago.com\/wp-content\/uploads\/2025\/04\/Diseno-sin-titulo323.jpg\" class=\"attachment-large size-large wp-image-1846\" alt=\"\" srcset=\"https:\/\/restaurantebarsantiago.com\/wp-content\/uploads\/2025\/04\/Diseno-sin-titulo323.jpg 700w, https:\/\/restaurantebarsantiago.com\/wp-content\/uploads\/2025\/04\/Diseno-sin-titulo323-280x300.jpg 280w\" sizes=\"(max-width: 700px) 100vw, 700px\" \/>\t\t\t\t\t\t\t\t\t\t\t\t\t\t\t<\/div>\n\t\t\t\t<\/div>\n\t\t\t\t\t<\/div>\n\t\t<\/div>\n\t\t\t\t\t<\/div>\n\t\t<\/section>\n\t\t\t\t<section class=\"elementor-section elementor-top-section elementor-element elementor-element-b998eef elementor-section-boxed elementor-section-height-default elementor-section-height-default\" data-id=\"b998eef\" data-element_type=\"section\" data-e-type=\"section\" data-settings=\"{&quot;background_background&quot;:&quot;classic&quot;}\">\n\t\t\t\t\t\t<div class=\"elementor-container elementor-column-gap-default\">\n\t\t\t\t\t<div class=\"elementor-column elementor-col-100 elementor-top-column elementor-element elementor-element-a0b641a\" data-id=\"a0b641a\" data-element_type=\"column\" data-e-type=\"column\">\n\t\t\t<div class=\"elementor-widget-wrap elementor-element-populated\">\n\t\t\t\t\t\t<div class=\"elementor-element elementor-element-7aa2a31 elementor-widget elementor-widget-heading\" data-id=\"7aa2a31\" data-element_type=\"widget\" data-e-type=\"widget\" data-widget_type=\"heading.default\">\n\t\t\t\t<div class=\"elementor-widget-container\">\n\t\t\t\t\t<h2 class=\"elementor-heading-title elementor-size-default\">Gut zu essen ist nur ein Teil der Sarria-Erfahrung.<\/h2>\t\t\t\t<\/div>\n\t\t\t\t<\/div>\n\t\t\t\t\t<\/div>\n\t\t<\/div>\n\t\t\t\t\t<\/div>\n\t\t<\/section>\n\t\t\t\t<section class=\"elementor-section elementor-top-section elementor-element elementor-element-f314d4d elementor-section-content-middle elementor-section-boxed elementor-section-height-default elementor-section-height-default\" data-id=\"f314d4d\" data-element_type=\"section\" data-e-type=\"section\">\n\t\t\t\t\t\t<div class=\"elementor-container elementor-column-gap-default\">\n\t\t\t\t\t<div class=\"elementor-column elementor-col-50 elementor-top-column elementor-element elementor-element-36c868a\" data-id=\"36c868a\" data-element_type=\"column\" data-e-type=\"column\">\n\t\t\t<div class=\"elementor-widget-wrap elementor-element-populated\">\n\t\t\t\t\t\t<div class=\"elementor-element elementor-element-0184545 elementor-widget__width-initial img-border-left elementor-widget elementor-widget-html\" data-id=\"0184545\" data-element_type=\"widget\" data-e-type=\"widget\" data-widget_type=\"html.default\">\n\t\t\t\t<div class=\"elementor-widget-container\">\n\t\t\t\t\t<iframe src=\"https:\/\/www.google.com\/maps\/d\/u\/1\/embed?mid=1b8hy5BVWEJazADmg-_7CQhgr2KegX4k6&amp;ehbc=2E312F\" width=\"640\" height=\"480\"><\/iframe>\t\t\t\t<\/div>\n\t\t\t\t<\/div>\n\t\t\t\t\t<\/div>\n\t\t<\/div>\n\t\t\t\t<div class=\"elementor-column elementor-col-50 elementor-top-column elementor-element elementor-element-8f4a9f1\" data-id=\"8f4a9f1\" data-element_type=\"column\" data-e-type=\"column\">\n\t\t\t<div class=\"elementor-widget-wrap elementor-element-populated\">\n\t\t\t\t\t\t<div class=\"elementor-element elementor-element-5066bb7 smalltitle pcolor elementor-widget elementor-widget-heading\" data-id=\"5066bb7\" data-element_type=\"widget\" data-e-type=\"widget\" data-widget_type=\"heading.default\">\n\t\t\t\t<div class=\"elementor-widget-container\">\n\t\t\t\t\t<span class=\"elementor-heading-title elementor-size-default\">Was gibt es in Sarria zu sehen?<\/span>\t\t\t\t<\/div>\n\t\t\t\t<\/div>\n\t\t\t\t<div class=\"elementor-element elementor-element-560e7e0 elementor-widget elementor-widget-heading\" data-id=\"560e7e0\" data-element_type=\"widget\" data-e-type=\"widget\" data-widget_type=\"heading.default\">\n\t\t\t\t<div class=\"elementor-widget-container\">\n\t\t\t\t\t<h2 class=\"elementor-heading-title elementor-size-default\">Besichtigen Sie Sarria und entdecken Sie seine authentischsten Orte<\/h2>\t\t\t\t<\/div>\n\t\t\t\t<\/div>\n\t\t\t\t<div class=\"elementor-element elementor-element-cb6e80c elementor-widget elementor-widget-text-editor\" data-id=\"cb6e80c\" data-element_type=\"widget\" data-e-type=\"widget\" data-widget_type=\"text-editor.default\">\n\t\t\t\t<div class=\"elementor-widget-container\">\n\t\t\t\t\t\t\t\t\t<p>Machen Sie vor oder nach dem Mittagessen einen Spaziergang und verirren Sie sich an die historischsten und charmantesten Orte in Sarria.<br data-start=\"514\" data-end=\"517\">Hier ist unsere Karte mit einigen der wichtigsten Punkte, die Sie nicht verpassen sollten:<\/p><ul><li class=\"\" data-start=\"915\" data-end=\"1042\"><p class=\"\" data-start=\"917\" data-end=\"1042\"><strong data-start=\"917\" data-end=\"947\">Magdalena-Kloster<\/strong><\/p><\/li><li class=\"\" data-start=\"1044\" data-end=\"1145\"><p class=\"\" data-start=\"1046\" data-end=\"1145\"><strong data-start=\"1046\" data-end=\"1073\">Kirche von Santa Mari\u00f1a<\/strong><\/p><\/li><li class=\"\" data-start=\"1147\" data-end=\"1252\"><p class=\"\" data-start=\"1149\" data-end=\"1252\"><strong data-start=\"1149\" data-end=\"1171\">Mirador da C\u00e1rcere<\/strong><\/p><\/li><li class=\"\" data-start=\"1254\" data-end=\"1372\"><p class=\"\" data-start=\"1256\" data-end=\"1372\"><strong data-start=\"1256\" data-end=\"1276\">Aspera-Br\u00fccke<\/strong><\/p><\/li><li class=\"\" data-start=\"1374\" data-end=\"1504\"><p class=\"\" data-start=\"1376\" data-end=\"1504\"><strong data-start=\"1376\" data-end=\"1406\">Hauptstra\u00dfe und alte Gegend<\/strong><\/p><\/li><li class=\"\" data-start=\"1506\" data-end=\"1623\"><p class=\"\" data-start=\"1508\" data-end=\"1623\"><strong data-start=\"1508\" data-end=\"1532\">Kirche des Erl\u00f6sers<\/strong><\/p><\/li><\/ul><p>  Wenn Sie weiter erkunden m\u00f6chten, was unsere Stadt alles zu bieten hat, k\u00f6nnen Sie die offizielle Website von <a class=\"\" href=\"https:\/\/sarriaturismo.com\" target=\"_new\" rel=\"noopener\" data-start=\"610\" data-end=\"656\"><strong data-start=\"611\" data-end=\"628\">Sarriaturismo<\/strong><\/a>.<\/p>\t\t\t\t\t\t\t\t<\/div>\n\t\t\t\t<\/div>\n\t\t\t\t\t<\/div>\n\t\t<\/div>\n\t\t\t\t\t<\/div>\n\t\t<\/section>\n\t\t<div class=\"elementor-element elementor-element-3fadf7e e-flex e-con-boxed e-con e-parent\" data-id=\"3fadf7e\" data-element_type=\"container\" data-e-type=\"container\" data-settings=\"{&quot;background_background&quot;:&quot;classic&quot;}\">\n\t\t\t\t\t<div class=\"e-con-inner\">\n\t\t<div class=\"elementor-element elementor-element-42469e8 e-con-full e-flex e-con e-child\" data-id=\"42469e8\" data-element_type=\"container\" data-e-type=\"container\">\n\t\t\t\t<div class=\"elementor-element elementor-element-0953ea8 elementor-widget elementor-widget-heading\" data-id=\"0953ea8\" data-element_type=\"widget\" data-e-type=\"widget\" data-widget_type=\"heading.default\">\n\t\t\t\t<div class=\"elementor-widget-container\">\n\t\t\t\t\t<h2 class=\"elementor-heading-title elementor-size-default\">Nach dem Spaziergang warten wir am Tisch auf Sie<\/h2>\t\t\t\t<\/div>\n\t\t\t\t<\/div>\n\t\t\t\t<div class=\"elementor-element elementor-element-46ad762 elementor-widget elementor-widget-text-editor\" data-id=\"46ad762\" data-element_type=\"widget\" data-e-type=\"widget\" data-widget_type=\"text-editor.default\">\n\t\t\t\t<div class=\"elementor-widget-container\">\n\t\t\t\t\t\t\t\t\t<p>Buchen Sie jetzt oder kommen Sie direkt. Hier ist immer Platz f\u00fcr Sie. <\/p>\t\t\t\t\t\t\t\t<\/div>\n\t\t\t\t<\/div>\n\t\t\t\t<div class=\"elementor-element elementor-element-bc5e8d7 el-btn white elementor-widget elementor-widget-button\" data-id=\"bc5e8d7\" data-element_type=\"widget\" data-e-type=\"widget\" data-widget_type=\"button.default\">\n\t\t\t\t<div class=\"elementor-widget-container\">\n\t\t\t\t\t\t\t\t\t<div class=\"elementor-button-wrapper\">\n\t\t\t\t\t<a class=\"elementor-button elementor-button-link elementor-size-sm\" href=\"https:\/\/restaurantebarsantiago.com\/de\/kontakt\/\">\n\t\t\t\t\t\t<span class=\"elementor-button-content-wrapper\">\n\t\t\t\t\t\t\t\t\t<span class=\"elementor-button-text\">Einen Tisch reservieren<\/span>\n\t\t\t\t\t<\/span>\n\t\t\t\t\t<\/a>\n\t\t\t\t<\/div>\n\t\t\t\t\t\t\t\t<\/div>\n\t\t\t\t<\/div>\n\t\t\t\t<\/div>\n\t\t\t\t\t<\/div>\n\t\t\t\t<\/div>\n\t\t\t\t<\/div>\n\t\t","protected":false},"excerpt":{"rendered":"<p>Ruhe, Geschmack und Entdeckung Sarria, viel mehr als eine B\u00fchne Sarria ist viel mehr als nur ein Punkt auf dem Jakobsweg. Es ist eine Stadt mit Geschichte, mit lokalem Leben und mit viel zu bieten&#8230;<\/p>\n","protected":false},"author":1,"featured_media":1854,"parent":0,"menu_order":0,"comment_status":"closed","ping_status":"closed","template":"templates\/template-fullscreen.php","meta":{"_acf_changed":false,"footnotes":""},"class_list":["post-1895","page","type-page","status-publish","has-post-thumbnail","hentry"],"acf":[],"_links":{"self":[{"href":"https:\/\/restaurantebarsantiago.com\/de\/wp-json\/wp\/v2\/pages\/1895","targetHints":{"allow":["GET"]}}],"collection":[{"href":"https:\/\/restaurantebarsantiago.com\/de\/wp-json\/wp\/v2\/pages"}],"about":[{"href":"https:\/\/restaurantebarsantiago.com\/de\/wp-json\/wp\/v2\/types\/page"}],"author":[{"embeddable":true,"href":"https:\/\/restaurantebarsantiago.com\/de\/wp-json\/wp\/v2\/users\/1"}],"replies":[{"embeddable":true,"href":"https:\/\/restaurantebarsantiago.com\/de\/wp-json\/wp\/v2\/comments?post=1895"}],"version-history":[{"count":0,"href":"https:\/\/restaurantebarsantiago.com\/de\/wp-json\/wp\/v2\/pages\/1895\/revisions"}],"wp:featuredmedia":[{"embeddable":true,"href":"https:\/\/restaurantebarsantiago.com\/de\/wp-json\/wp\/v2\/media\/1854"}],"wp:attachment":[{"href":"https:\/\/restaurantebarsantiago.com\/de\/wp-json\/wp\/v2\/media?parent=1895"}],"curies":[{"name":"wp","href":"https:\/\/api.w.org\/{rel}","templated":true}]}}