{"id":2074,"date":"2025-09-24T07:19:09","date_gmt":"2025-09-24T07:19:09","guid":{"rendered":"https:\/\/restaurantebarsantiago.com\/legal-notice\/"},"modified":"2026-04-20T13:08:40","modified_gmt":"2026-04-20T13:08:40","slug":"legal-notice","status":"publish","type":"page","link":"https:\/\/restaurantebarsantiago.com\/en\/legal-notice\/","title":{"rendered":"Legal Notice"},"content":{"rendered":"\n<p>This Legal Notice regulates the access, navigation and use of the website <strong><a href=\"http:\/\/www.restaurantebarsantiago.com\">www.restaurantebarsantiago.com<\/a><\/strong> (hereinafter, the &#8220;Website&#8221;), owned by <strong>Concepci\u00f3n D\u00edaz Leb\u00f3n<\/strong>, through which information is offered on the catering and hotel services it provides.<\/p>\n\n<p>The access and use of the Web Site attributes the condition of USER and implies full and unreserved acceptance of all the conditions included in this Legal Notice.<\/p>\n\n<h2 class=\"wp-block-heading\">LEGAL NOTICE INDEX<\/h2>\n\n<ol class=\"wp-block-list\">\n<li>Identification data<\/li>\n\n\n\n<li>Users<\/li>\n\n\n\n<li>Use of the portal<\/li>\n\n\n\n<li>Use of cookies<\/li>\n\n\n\n<li>Intellectual and industrial property<\/li>\n\n\n\n<li>Disclaimer of warranties and liability<\/li>\n\n\n\n<li>Modifications<\/li>\n\n\n\n<li>Links<\/li>\n\n\n\n<li>Right of exclusion<\/li>\n\n\n\n<li>General<\/li>\n\n\n\n<li>Applicable law and jurisdiction<\/li>\n\n\n\n<li>Online dispute resolution<\/li>\n<\/ol>\n\n<hr class=\"wp-block-separator has-alpha-channel-opacity\"\/>\n\n<h3 class=\"wp-block-heading\">1. Identification data<\/h3>\n\n<p>In compliance with the provisions of Law 34\/2002, of July 11, 2002, on Information Society Services and Electronic Commerce (LSSI-CE), the following data are reflected:<\/p>\n\n<ul class=\"wp-block-list\">\n<li>Owner: <strong>Concepci\u00f3n D\u00edaz Leb\u00f3n<\/strong><\/li>\n\n\n\n<li>TAX ID NUMBER: <strong>34260472V<\/strong><\/li>\n\n\n\n<li>Trade name: <strong>Restaurant Bar Santiago<\/strong><\/li>\n\n\n\n<li>Business Address: <strong>Paseo do Malec\u00f3n, 15 &#8211; 27600 Sarria (Lugo), Spain<\/strong><\/li>\n\n\n\n<li>Telephone: <strong>982 532 564<\/strong><\/li>\n\n\n\n<li>Email: <strong><a>info@restaurantebarsantiago.com<\/a><\/strong><\/li>\n\n\n\n<li>Domain: <strong><a href=\"http:\/\/www.restaurantebarsantiago.com\">www.restaurantebarsantiago.com<\/a><\/strong><\/li>\n<\/ul>\n\n<hr class=\"wp-block-separator has-alpha-channel-opacity\"\/>\n\n<h3 class=\"wp-block-heading\">2. Users<\/h3>\n\n<p>The access and\/or use of the Web Site attributes the condition of USER, who accepts the General Conditions of use here reflected.<\/p>\n\n<h3 class=\"wp-block-heading\">3. Use of the portal<\/h3>\n\n<p>The purpose of the Web Site is to offer information about the restaurant and hotel services provided by Restaurante Bar Santiago. The USER agrees to use the contents in an appropriate manner and in accordance with current regulations. <\/p>\n\n<h3 class=\"wp-block-heading\">4. Use of cookies<\/h3>\n\n<p>The Website uses its own and third party cookies in order to optimize the browsing experience, customize services and analyze traffic. The USER can consult more information in the <strong>Cookies Policy<\/strong>. <\/p>\n\n<h3 class=\"wp-block-heading\">5. Intellectual and industrial property<\/h3>\n\n<p>All contents of the Web Site (texts, images, logos, design, source code) are property of Concepci\u00f3n D\u00edaz Leb\u00f3n or authorized third parties. Their reproduction, distribution or public communication without express authorization is prohibited. <\/p>\n\n<h3 class=\"wp-block-heading\">6. Disclaimer of warranties and liability<\/h3>\n\n<p>Concepci\u00f3n D\u00edaz Leb\u00f3n does not guarantee the continuous availability of the Web Site or the absence of errors in the contents. Nor is it responsible for damages that may result from improper use of the portal or the transmission of viruses or other harmful elements. <\/p>\n\n<h3 class=\"wp-block-heading\">7. Modifications<\/h3>\n\n<p>The owner reserves the right to modify at any time the Web Site and the conditions set forth herein, without prior notice.<\/p>\n\n<h3 class=\"wp-block-heading\">8. Links<\/h3>\n\n<p>The Web Site may contain links to third party sites. Concepci\u00f3n D\u00edaz Leb\u00f3n does not control and is not responsible for the content or availability of such linked sites. <\/p>\n\n<h3 class=\"wp-block-heading\">9. Right of exclusion<\/h3>\n\n<p>The owner may deny or withdraw access to the Web Site to users who do not comply with these conditions, without prior notice.<\/p>\n\n<h3 class=\"wp-block-heading\">10. General<\/h3>\n\n<p>The holder will pursue the breach of these conditions through all civil and criminal actions that correspond to it by law.<\/p>\n\n<h3 class=\"wp-block-heading\">11. Applicable Law and Jurisdiction<\/h3>\n\n<p>The relationship between Concepci\u00f3n D\u00edaz Leb\u00f3n and the USER shall be governed by the Spanish legislation in force. For any dispute, the parties shall submit to the Courts and Tribunals of Sarria (Lugo), unless otherwise provided by law. <\/p>\n\n<h3 class=\"wp-block-heading\">12. Online dispute resolution<\/h3>\n\n<p>In accordance with the provisions of Article 14(1) of Regulation (EU) 524\/2013, the European Commission provides an online dispute resolution platform accessible at: <a href=\"https:\/\/ec.europa.eu\/consumers\/odr\/\" target=\"_blank\" rel=\"noreferrer noopener\">https:\/\/ec.europa.eu\/consumers\/odr\/<\/a><\/p>\n","protected":false},"excerpt":{"rendered":"<p>This Legal Notice regulates the access, navigation and use of the website www.restaurantebarsantiago.com (hereinafter, the &#8220;Website&#8221;), owned by Concepci\u00f3n D\u00edaz Leb\u00f3n, through which information is offered on the catering and hotel services it provides. The&#8230;<\/p>\n","protected":false},"author":1,"featured_media":0,"parent":0,"menu_order":0,"comment_status":"closed","ping_status":"closed","template":"","meta":{"_acf_changed":false,"footnotes":""},"class_list":["post-2074","page","type-page","status-publish","hentry"],"acf":[],"_links":{"self":[{"href":"https:\/\/restaurantebarsantiago.com\/en\/wp-json\/wp\/v2\/pages\/2074","targetHints":{"allow":["GET"]}}],"collection":[{"href":"https:\/\/restaurantebarsantiago.com\/en\/wp-json\/wp\/v2\/pages"}],"about":[{"href":"https:\/\/restaurantebarsantiago.com\/en\/wp-json\/wp\/v2\/types\/page"}],"author":[{"embeddable":true,"href":"https:\/\/restaurantebarsantiago.com\/en\/wp-json\/wp\/v2\/users\/1"}],"replies":[{"embeddable":true,"href":"https:\/\/restaurantebarsantiago.com\/en\/wp-json\/wp\/v2\/comments?post=2074"}],"version-history":[{"count":1,"href":"https:\/\/restaurantebarsantiago.com\/en\/wp-json\/wp\/v2\/pages\/2074\/revisions"}],"predecessor-version":[{"id":2075,"href":"https:\/\/restaurantebarsantiago.com\/en\/wp-json\/wp\/v2\/pages\/2074\/revisions\/2075"}],"wp:attachment":[{"href":"https:\/\/restaurantebarsantiago.com\/en\/wp-json\/wp\/v2\/media?parent=2074"}],"curies":[{"name":"wp","href":"https:\/\/api.w.org\/{rel}","templated":true}]}}