{"id":1877,"date":"2020-02-18T16:04:20","date_gmt":"2020-02-18T16:04:20","guid":{"rendered":"https:\/\/restaurantebarsantiago.com\/carta\/"},"modified":"2026-03-17T11:21:27","modified_gmt":"2026-03-17T11:21:27","slug":"carta","status":"publish","type":"page","link":"https:\/\/restaurantebarsantiago.com\/gl\/carta\/","title":{"rendered":"Carta"},"content":{"rendered":"\t\t<div data-elementor-type=\"wp-page\" data-elementor-id=\"1877\" class=\"elementor elementor-1877 elementor-443\">\n\t\t\t\t\t\t<section class=\"elementor-section elementor-top-section elementor-element elementor-element-52461bdc elementor-section-boxed elementor-section-height-default elementor-section-height-default\" data-id=\"52461bdc\" data-element_type=\"section\" data-e-type=\"section\">\n\t\t\t\t\t\t<div class=\"elementor-container elementor-column-gap-default\">\n\t\t\t\t\t<div class=\"elementor-column elementor-col-100 elementor-top-column elementor-element elementor-element-459a204f\" data-id=\"459a204f\" data-element_type=\"column\" data-e-type=\"column\">\n\t\t\t<div class=\"elementor-widget-wrap elementor-element-populated\">\n\t\t\t\t\t\t<div class=\"elementor-element elementor-element-5ee8725a smalltitle pcolor elementor-widget elementor-widget-heading\" data-id=\"5ee8725a\" data-element_type=\"widget\" data-e-type=\"widget\" data-widget_type=\"heading.default\">\n\t\t\t\t<div class=\"elementor-widget-container\">\n\t\t\t\t\t<span class=\"elementor-heading-title elementor-size-default\">tradici\u00f3n, sabor e producto local<\/span>\t\t\t\t<\/div>\n\t\t\t\t<\/div>\n\t\t\t\t<div class=\"elementor-element elementor-element-694bda90 elementor-widget elementor-widget-heading\" data-id=\"694bda90\" data-element_type=\"widget\" data-e-type=\"widget\" data-widget_type=\"heading.default\">\n\t\t\t\t<div class=\"elementor-widget-container\">\n\t\t\t\t\t<h2 class=\"elementor-heading-title elementor-size-default\">A nosa carta<\/h2>\t\t\t\t<\/div>\n\t\t\t\t<\/div>\n\t\t\t\t<div class=\"elementor-element elementor-element-6d0ed69d elementor-widget elementor-widget-text-editor\" data-id=\"6d0ed69d\" data-element_type=\"widget\" data-e-type=\"widget\" data-widget_type=\"text-editor.default\">\n\t\t\t\t<div class=\"elementor-widget-container\">\n\t\t\t\t\t\t\t\t\tNa <strong>Cafeter\u00eda Restaurante Santiago<\/strong> ofrec\u00e9mosche unha carta variada con pratos caseiros, raci\u00f3ns para compartir, tenreira galega, peixes e unha coidada selecci\u00f3n de vi\u00f1os. Usamos produto local e receitas tradicionais, coa calidade e o agarimo de sempre.\t\t\t\t\t\t\t\t<\/div>\n\t\t\t\t<\/div>\n\t\t\t\t\t<\/div>\n\t\t<\/div>\n\t\t\t\t\t<\/div>\n\t\t<\/section>\n\t\t\t\t<section class=\"elementor-section elementor-top-section elementor-element elementor-element-3360f083 elementor-section-boxed elementor-section-height-default elementor-section-height-default\" data-id=\"3360f083\" data-element_type=\"section\" data-e-type=\"section\">\n\t\t\t\t\t\t<div class=\"elementor-container elementor-column-gap-default\">\n\t\t\t\t\t<div class=\"elementor-column elementor-col-100 elementor-top-column elementor-element elementor-element-5cc183c2 col-border\" data-id=\"5cc183c2\" data-element_type=\"column\" data-e-type=\"column\">\n\t\t\t<div class=\"elementor-widget-wrap elementor-element-populated\">\n\t\t\t\t\t\t<div class=\"elementor-element elementor-element-5d2322 el-tab el-tab-v2 elementor-tabs-view-horizontal elementor-widget elementor-widget-tabs\" data-id=\"5d2322\" data-element_type=\"widget\" data-e-type=\"widget\" data-widget_type=\"tabs.default\">\n\t\t\t\t<div class=\"elementor-widget-container\">\n\t\t\t\t\t\t\t<div class=\"elementor-tabs\">\n\t\t\t<div class=\"elementor-tabs-wrapper\" role=\"tablist\" >\n\t\t\t\t\t\t\t\t\t<div id=\"elementor-tab-title-6101\" class=\"elementor-tab-title elementor-tab-desktop-title\" aria-selected=\"true\" data-tab=\"1\" role=\"tab\" tabindex=\"0\" aria-controls=\"elementor-tab-content-6101\" aria-expanded=\"false\">Raci\u00f3ns<\/div>\n\t\t\t\t\t\t\t\t\t<div id=\"elementor-tab-title-6102\" class=\"elementor-tab-title elementor-tab-desktop-title\" aria-selected=\"false\" data-tab=\"2\" role=\"tab\" tabindex=\"-1\" aria-controls=\"elementor-tab-content-6102\" aria-expanded=\"false\">Carnes<\/div>\n\t\t\t\t\t\t\t\t\t<div id=\"elementor-tab-title-6103\" class=\"elementor-tab-title elementor-tab-desktop-title\" aria-selected=\"false\" data-tab=\"3\" role=\"tab\" tabindex=\"-1\" aria-controls=\"elementor-tab-content-6103\" aria-expanded=\"false\">Peixes<\/div>\n\t\t\t\t\t\t\t\t\t<div id=\"elementor-tab-title-6104\" class=\"elementor-tab-title elementor-tab-desktop-title\" aria-selected=\"false\" data-tab=\"4\" role=\"tab\" tabindex=\"-1\" aria-controls=\"elementor-tab-content-6104\" aria-expanded=\"false\">Sobremesas<\/div>\n\t\t\t\t\t\t\t<\/div>\n\t\t\t<div class=\"elementor-tabs-content-wrapper\" role=\"tablist\" aria-orientation=\"vertical\">\n\t\t\t\t\t\t\t\t\t<div class=\"elementor-tab-title elementor-tab-mobile-title\" aria-selected=\"true\" data-tab=\"1\" role=\"tab\" tabindex=\"0\" aria-controls=\"elementor-tab-content-6101\" aria-expanded=\"false\">Raci\u00f3ns<\/div>\n\t\t\t\t\t<div id=\"elementor-tab-content-6101\" class=\"elementor-tab-content elementor-clearfix\" data-tab=\"1\" role=\"tabpanel\" aria-labelledby=\"elementor-tab-title-6101\" tabindex=\"0\" hidden=\"false\"><h3 class=\"menu-section-title v2\">Entrantes<\/h3><ul class=\"food-menu food-menu-v2 menu-3cols\"><li><div class=\"menu-content\"><h4 class=\"menu-title\">Polbo \u00e1 feira<\/h4><\/div><\/li><li><div class=\"menu-content\"><h4 class=\"menu-title\">Revolto de gambas e allo tenro<\/h4><\/div><\/li><li><div class=\"menu-content\"><h4 class=\"menu-title\">Pementos de Padr\u00f3n<\/h4><div class=\"menu-text\">De tempada<\/div><\/div><\/li><li><div class=\"menu-content\"><h4 class=\"menu-title\">Vieiras do Pac\u00edfico<\/h4><\/div><\/li><li><div class=\"menu-content\"><h4 class=\"menu-title\">Revolto de cogomelos e xam\u00f3n<\/h4><\/div><\/li><li><div class=\"menu-content\"><h4 class=\"menu-title\">Pementos do piquillo<\/h4><\/div><\/li><li><div class=\"menu-content\"><h4 class=\"menu-title\">Gambas ao allo<\/h4><\/div><\/li><li><div class=\"menu-content\"><h4 class=\"menu-title\">Tortilla de patacas<\/h4><div class=\"menu-text\">D\u00faas persoas<\/div><\/div><\/li><li><div class=\"menu-content\"><h4 class=\"menu-title\">Patacas alioli<\/h4><\/div><\/li><li><div class=\"menu-content\"><h4 class=\"menu-title\">Chipi\u00f1os \u00e1 prancha<\/h4><\/div><\/li><li><div class=\"menu-content\"><h4 class=\"menu-title\">Raxo con patacas<\/h4><\/div><\/li><li><div class=\"menu-content\"><h4 class=\"menu-title\">Croquetas<\/h4><\/div><\/li><li><div class=\"menu-content\"><h4 class=\"menu-title\">Luras \u00e1 romana<\/h4><\/div><\/li><\/ul><h3 class=\"menu-section-title v2\">Embutidos<\/h3><ul class=\"food-menu food-menu-v2 menu-3cols\"><li><div class=\"menu-content\"><h4 class=\"menu-title\">T\u00e1boa de embutidos<\/h4><\/div><\/li><li><div class=\"menu-content\"><h4 class=\"menu-title\">T\u00e1boa de queixos<\/h4><\/div><\/li><li><div class=\"menu-content\"><h4 class=\"menu-title\">Cecina<\/h4><\/div><\/li><li><div class=\"menu-content\"><h4 class=\"menu-title\">Xam\u00f3n ib\u00e9rico<\/h4><\/div><\/li><li><div class=\"menu-content\"><h4 class=\"menu-title\">Queixo de Castela<\/h4><\/div><\/li><li><div class=\"menu-content\"><h4 class=\"menu-title\">Lombo ib\u00e9rico<\/h4><\/div><\/li><li><div class=\"menu-content\"><h4 class=\"menu-title\">Xam\u00f3n serrano<\/h4><\/div><\/li><li><div class=\"menu-content\"><h4 class=\"menu-title\">Queixo do pa\u00eds<\/h4><\/div><\/li><li>\u00a0<\/li><li><div class=\"menu-content\">\u00a0<\/div><\/li><li><div class=\"menu-content\">\u00a0<\/div><\/li><li><div class=\"menu-content\">\u00a0<\/div><\/li><li><div class=\"menu-content\">\u00a0<\/div><\/li><li><div class=\"menu-content\">\u00a0<\/div><\/li><li><div class=\"menu-content\">\u00a0<\/div><\/li><li><div class=\"menu-content\">\u00a0<\/div><\/li><li><div class=\"menu-content\">\u00a0<\/div><\/li><\/ul><\/div>\n\t\t\t\t\t\t\t\t\t<div class=\"elementor-tab-title elementor-tab-mobile-title\" aria-selected=\"false\" data-tab=\"2\" role=\"tab\" tabindex=\"-1\" aria-controls=\"elementor-tab-content-6102\" aria-expanded=\"false\">Carnes<\/div>\n\t\t\t\t\t<div id=\"elementor-tab-content-6102\" class=\"elementor-tab-content elementor-clearfix\" data-tab=\"2\" role=\"tabpanel\" aria-labelledby=\"elementor-tab-title-6102\" tabindex=\"0\" hidden=\"hidden\"><h3 class=\"menu-section-title v2\">Carnes<\/h3><ul class=\"food-menu food-menu-v2 menu-3cols\"><li><div class=\"menu-content\"><h4 class=\"menu-title\">Chulleta de tenreira<\/h4><\/div><\/li><li><div class=\"menu-content\"><h4 class=\"menu-title\">Entrecot<\/h4><\/div><\/li><li><div class=\"menu-content\"><h4 class=\"menu-title\">Chulet\u00f3n<\/h4><\/div><\/li><li><div class=\"menu-content\"><h4 class=\"menu-title\">Filete de tenreira<\/h4><\/div><\/li><li><div class=\"menu-content\"><h4 class=\"menu-title\">Churrasco de tenreira<\/h4><\/div><\/li><li><div class=\"menu-content\"><h4 class=\"menu-title\">San Xacobo<\/h4><\/div><\/li><li><div class=\"menu-content\"><h4 class=\"menu-title\">Solombo<\/h4><\/div><\/li><li><div class=\"menu-content\">\u00a0<\/div><\/li><li><div class=\"menu-content\">\u00a0<\/div><\/li><li><div class=\"menu-content\">\u00a0<\/div><\/li><li><div class=\"menu-content\">\u00a0<\/div><\/li><li><div class=\"menu-content\">\u00a0<\/div><\/li><li><div class=\"menu-content\">\u00a0<\/div><\/li><\/ul><\/div>\n\t\t\t\t\t\t\t\t\t<div class=\"elementor-tab-title elementor-tab-mobile-title\" aria-selected=\"false\" data-tab=\"3\" role=\"tab\" tabindex=\"-1\" aria-controls=\"elementor-tab-content-6103\" aria-expanded=\"false\">Peixes<\/div>\n\t\t\t\t\t<div id=\"elementor-tab-content-6103\" class=\"elementor-tab-content elementor-clearfix\" data-tab=\"3\" role=\"tabpanel\" aria-labelledby=\"elementor-tab-title-6103\" tabindex=\"0\" hidden=\"hidden\"><h3 class=\"menu-section-title v2\">Peixes<\/h3><ul class=\"food-menu food-menu-v2 menu-3cols\"><li><div class=\"menu-content\"><h4 class=\"menu-title\">Pescada \u00e1 prancha<\/h4><\/div><\/li><li><div class=\"menu-content\"><h4 class=\"menu-title\">Pescada \u00e1 romana<\/h4><\/div><\/li><li><div class=\"menu-content\"><h4 class=\"menu-title\">Pescada \u00e1 galega<\/h4><\/div><\/li><li><div class=\"menu-content\"><h4 class=\"menu-title\">Lubina \u00e1 espalda<\/h4><\/div><\/li><li><div class=\"menu-content\"><h4 class=\"menu-title\">Bacallau \u00e1 galega<\/h4><\/div><\/li><li><div class=\"menu-content\">\u00a0<\/div><\/li><li><div class=\"menu-content\">\u00a0<\/div><\/li><li><div class=\"menu-content\">\u00a0<\/div><\/li><li><div class=\"menu-content\">\u00a0<\/div><\/li><\/ul><h3 class=\"menu-section-title v2\">Ensaladas<\/h3><ul class=\"food-menu food-menu-v2 menu-2cols\"><li><div class=\"menu-content\"><h4 class=\"menu-title\">Ensalada mixta<\/h4><div class=\"menu-text\">Leituga, tomate, cebola, at\u00fan e cenoria<\/div><\/div><\/li><li><div class=\"menu-content\"><h4 class=\"menu-title\">Ensalada de queixo, tomate e anchoas<\/h4><div class=\"menu-text\">Tomate, queixo fresco e anchoas<\/div><\/div><\/li><li><div class=\"menu-content\">\u00a0<\/div><\/li><\/ul><\/div>\n\t\t\t\t\t\t\t\t\t<div class=\"elementor-tab-title elementor-tab-mobile-title\" aria-selected=\"false\" data-tab=\"4\" role=\"tab\" tabindex=\"-1\" aria-controls=\"elementor-tab-content-6104\" aria-expanded=\"false\">Sobremesas<\/div>\n\t\t\t\t\t<div id=\"elementor-tab-content-6104\" class=\"elementor-tab-content elementor-clearfix\" data-tab=\"4\" role=\"tabpanel\" aria-labelledby=\"elementor-tab-title-6104\" tabindex=\"0\" hidden=\"hidden\"><ul class=\"food-menu food-menu-v2 menu-3cols\"><li><div class=\"menu-content\"><h4 class=\"menu-title\">Tarta de queixo caseira<\/h4><\/div><\/li><li><div class=\"menu-content\"><h4 class=\"menu-title\">Mousse de lim\u00f3n caseira<\/h4><\/div><\/li><li><div class=\"menu-content\"><h4 class=\"menu-title\">Flan caseiro<\/h4><\/div><\/li><li><div class=\"menu-content\"><h4 class=\"menu-title\">Tarta de Santiago<\/h4><\/div><\/li><li><div class=\"menu-content\"><h4 class=\"menu-title\">Tarta xeada<\/h4><\/div><\/li><li><div class=\"menu-content\">\u00a0<\/div><\/li><li><div class=\"menu-content\"><h4 class=\"menu-title\">Iogur natural<\/h4><\/div><\/li><li><div class=\"menu-content\"><h4 class=\"menu-title\">Anan\u00e1s en almibre<\/h4><\/div><\/li><li><div class=\"menu-content\"><h4 class=\"menu-title\">Pexego en almibre<\/h4><\/div><\/li><li><div class=\"menu-content\">\u00a0<\/div><\/li><li><div class=\"menu-content\"><h4 class=\"menu-title\">Froita de tempada<\/h4><\/div><\/li><li>\u00a0<\/li><li><div class=\"menu-content\">\u00a0<\/div><\/li><li><div class=\"menu-content\">\u00a0<\/div><\/li><li><div class=\"menu-content\">\u00a0<\/div><\/li><li><div class=\"menu-content\">\u00a0<\/div><\/li><li><div class=\"menu-content\">\u00a0<\/div><\/li><li><div class=\"menu-content\">\u00a0<\/div><\/li><li><div class=\"menu-content\">\u00a0<\/div><\/li><\/ul><\/div>\n\t\t\t\t\t\t\t<\/div>\n\t\t<\/div>\n\t\t\t\t\t\t<\/div>\n\t\t\t\t<\/div>\n\t\t\t\t\t<\/div>\n\t\t<\/div>\n\t\t\t\t\t<\/div>\n\t\t<\/section>\n\t\t<div class=\"elementor-element elementor-element-274db6f e-con-full e-flex e-con e-parent\" data-id=\"274db6f\" data-element_type=\"container\" data-e-type=\"container\" data-settings=\"{&quot;background_background&quot;:&quot;classic&quot;}\">\n\t\t<div class=\"elementor-element elementor-element-ba4310c e-flex e-con-boxed e-con e-child\" data-id=\"ba4310c\" data-element_type=\"container\" data-e-type=\"container\">\n\t\t\t\t\t<div class=\"e-con-inner\">\n\t\t<div class=\"elementor-element elementor-element-15cfbee e-con-full e-flex e-con e-child\" data-id=\"15cfbee\" data-element_type=\"container\" data-e-type=\"container\">\n\t\t<div class=\"elementor-element elementor-element-bb91bd9 e-con-full e-flex e-con e-child\" data-id=\"bb91bd9\" data-element_type=\"container\" data-e-type=\"container\">\n\t\t\t\t<div class=\"elementor-element elementor-element-3441573 smalltitle pcolor elementor-widget elementor-widget-heading\" data-id=\"3441573\" data-element_type=\"widget\" data-e-type=\"widget\" data-widget_type=\"heading.default\">\n\t\t\t\t<div class=\"elementor-widget-container\">\n\t\t\t\t\t<span class=\"elementor-heading-title elementor-size-default\">Restaurante SAntiago<\/span>\t\t\t\t<\/div>\n\t\t\t\t<\/div>\n\t\t\t\t<div class=\"elementor-element elementor-element-3213f87 elementor-widget elementor-widget-heading\" data-id=\"3213f87\" data-element_type=\"widget\" data-e-type=\"widget\" data-widget_type=\"heading.default\">\n\t\t\t\t<div class=\"elementor-widget-container\">\n\t\t\t\t\t<h2 class=\"elementor-heading-title elementor-size-default\">Apet\u00e9ceche probar algo?<\/h2>\t\t\t\t<\/div>\n\t\t\t\t<\/div>\n\t\t\t\t<\/div>\n\t\t\t\t<\/div>\n\t\t<div class=\"elementor-element elementor-element-49beeda e-con-full e-flex e-con e-child\" data-id=\"49beeda\" data-element_type=\"container\" data-e-type=\"container\">\n\t\t<div class=\"elementor-element elementor-element-cce8259 e-con-full e-flex e-con e-child\" data-id=\"cce8259\" data-element_type=\"container\" data-e-type=\"container\">\n\t\t\t\t<div class=\"elementor-element elementor-element-5466729 smalltitle elementor-widget elementor-widget-heading\" data-id=\"5466729\" data-element_type=\"widget\" data-e-type=\"widget\" data-widget_type=\"heading.default\">\n\t\t\t\t<div class=\"elementor-widget-container\">\n\t\t\t\t\t<span class=\"elementor-heading-title elementor-size-default\">Reserva a t\u00faa mesa e goza dos nosos pratos con sabor a tradici\u00f3n.<\/span>\t\t\t\t<\/div>\n\t\t\t\t<\/div>\n\t\t\t\t<\/div>\n\t\t<div class=\"elementor-element elementor-element-409ac7a e-con-full e-flex e-con e-child\" data-id=\"409ac7a\" data-element_type=\"container\" data-e-type=\"container\">\n\t\t\t\t<div class=\"elementor-element elementor-element-2c0f01a el-btn white elementor-widget elementor-widget-button\" data-id=\"2c0f01a\" data-element_type=\"widget\" data-e-type=\"widget\" data-widget_type=\"button.default\">\n\t\t\t\t<div class=\"elementor-widget-container\">\n\t\t\t\t\t\t\t\t\t<div class=\"elementor-button-wrapper\">\n\t\t\t\t\t<a class=\"elementor-button elementor-button-link elementor-size-sm\" href=\"https:\/\/restaurantebarsantiago.com\/gl\/contacto\/\">\n\t\t\t\t\t\t<span class=\"elementor-button-content-wrapper\">\n\t\t\t\t\t\t\t\t\t<span class=\"elementor-button-text\">Contacto<\/span>\n\t\t\t\t\t<\/span>\n\t\t\t\t\t<\/a>\n\t\t\t\t<\/div>\n\t\t\t\t\t\t\t\t<\/div>\n\t\t\t\t<\/div>\n\t\t\t\t<\/div>\n\t\t<div class=\"elementor-element elementor-element-6f7201a e-con-full e-flex e-con e-child\" data-id=\"6f7201a\" data-element_type=\"container\" data-e-type=\"container\">\n\t\t\t\t<div class=\"elementor-element elementor-element-492f316 smalltitle elementor-widget elementor-widget-heading\" data-id=\"492f316\" data-element_type=\"widget\" data-e-type=\"widget\" data-widget_type=\"heading.default\">\n\t\t\t\t<div class=\"elementor-widget-container\">\n\t\t\t\t\t<span class=\"elementor-heading-title elementor-size-default\">Horario de coci\u00f1a<\/span>\t\t\t\t<\/div>\n\t\t\t\t<\/div>\n\t\t\t\t<div class=\"elementor-element elementor-element-25bbf4c elementor-widget elementor-widget-heading\" data-id=\"25bbf4c\" data-element_type=\"widget\" data-e-type=\"widget\" data-widget_type=\"heading.default\">\n\t\t\t\t<div class=\"elementor-widget-container\">\n\t\t\t\t\t<p class=\"elementor-heading-title elementor-size-default\">Luns a Domingo<br>\n12:30 \u2013 16:00 \u00b7 19:00 \u2013 23:00    <BR>\nM\u00e9rcores pechado<\/p>\t\t\t\t<\/div>\n\t\t\t\t<\/div>\n\t\t\t\t<\/div>\n\t\t\t\t<\/div>\n\t\t\t\t\t<\/div>\n\t\t\t\t<\/div>\n\t\t\t\t<\/div>\n\t\t\t\t<section class=\"elementor-section elementor-top-section elementor-element elementor-element-73c53589 elementor-section-boxed elementor-section-height-default elementor-section-height-default\" data-id=\"73c53589\" data-element_type=\"section\" data-e-type=\"section\">\n\t\t\t\t\t\t<div class=\"elementor-container elementor-column-gap-default\">\n\t\t\t\t\t<div class=\"elementor-column elementor-col-100 elementor-top-column elementor-element elementor-element-63faf091\" data-id=\"63faf091\" data-element_type=\"column\" data-e-type=\"column\">\n\t\t\t<div class=\"elementor-widget-wrap elementor-element-populated\">\n\t\t\t\t\t\t<div class=\"elementor-element elementor-element-585ec5b8 smalltitle pcolor elementor-widget elementor-widget-heading\" data-id=\"585ec5b8\" data-element_type=\"widget\" data-e-type=\"widget\" data-widget_type=\"heading.default\">\n\t\t\t\t<div class=\"elementor-widget-container\">\n\t\t\t\t\t<span class=\"elementor-heading-title elementor-size-default\">Selecci\u00f3n galega e nacional para acompa\u00f1ar como se merece<\/span>\t\t\t\t<\/div>\n\t\t\t\t<\/div>\n\t\t\t\t<div class=\"elementor-element elementor-element-4103fa97 elementor-widget elementor-widget-heading\" data-id=\"4103fa97\" data-element_type=\"widget\" data-e-type=\"widget\" data-widget_type=\"heading.default\">\n\t\t\t\t<div class=\"elementor-widget-container\">\n\t\t\t\t\t<h2 class=\"elementor-heading-title elementor-size-default\">Vi\u00f1os con car\u00e1cter e terra<\/h2>\t\t\t\t<\/div>\n\t\t\t\t<\/div>\n\t\t\t\t<div class=\"elementor-element elementor-element-30f0de2e elementor-widget elementor-widget-heading\" data-id=\"30f0de2e\" data-element_type=\"widget\" data-e-type=\"widget\" data-widget_type=\"heading.default\">\n\t\t\t\t<div class=\"elementor-widget-container\">\n\t\t\t\t\t<p class=\"elementor-heading-title elementor-size-default\">\n\nNa nosa carta de vi\u00f1os atopar\u00e1s unha coidada selecci\u00f3n de denominaci\u00f3ns galegas como a <strong>Ribeira Sacra<\/strong> ou <strong>R\u00edas Baixas<\/strong>, xunto a cl\u00e1sicos nacionais como <strong>Rioja<\/strong>, <strong>Ribera del Duero<\/strong> ou <strong>Toro<\/strong>.\n\nTam\u00e9n dispo\u00f1emos de vi\u00f1os doces, espumosos e formatos magnum para ocasi\u00f3ns especiais.\n\nO vi\u00f1o forma parte da experiencia, e por iso escollemos etiquetas que respectan o produto, a contorna e a tradici\u00f3n. Preg\u00fantanos polas nosas recomendaci\u00f3ns\u2026 e brindemos.<\/p>\t\t\t\t<\/div>\n\t\t\t\t<\/div>\n\t\t\t\t\t<\/div>\n\t\t<\/div>\n\t\t\t\t\t<\/div>\n\t\t<\/section>\n\t\t\t\t<section class=\"elementor-section elementor-top-section elementor-element elementor-element-d546be5 elementor-section-full_width elementor-section-height-default elementor-section-height-default\" data-id=\"d546be5\" data-element_type=\"section\" data-e-type=\"section\">\n\t\t\t\t\t\t<div class=\"elementor-container elementor-column-gap-default\">\n\t\t\t\t\t<div class=\"elementor-column elementor-col-100 elementor-top-column elementor-element elementor-element-34ea341\" data-id=\"34ea341\" data-element_type=\"column\" data-e-type=\"column\">\n\t\t\t<div class=\"elementor-widget-wrap elementor-element-populated\">\n\t\t\t\t\t\t<div class=\"elementor-element elementor-element-91792f1 elementor-widget elementor-widget-image-gallery\" data-id=\"91792f1\" data-element_type=\"widget\" data-e-type=\"widget\" data-widget_type=\"image-gallery.default\">\n\t\t\t\t<div class=\"elementor-widget-container\">\n\t\t\t\t\t\t\t<div class=\"elementor-image-gallery\">\n\t\t\t<div id='gallery-1' class='gallery galleryid-1877 gallery-columns-4 gallery-size-ravier-image700x750'><figure class='gallery-item'>\n\t\t\t<div class='gallery-icon portrait'>\n\t\t\t\t<a data-elementor-open-lightbox=\"yes\" data-elementor-lightbox-slideshow=\"91792f1\" data-elementor-lightbox-title=\"Dise\u00f1o sin t\u00edtulo(317)\" data-e-action-hash=\"#elementor-action%3Aaction%3Dlightbox%26settings%3DeyJpZCI6MTc4OSwidXJsIjoiaHR0cHM6XC9cL3Jlc3RhdXJhbnRlYmFyc2FudGlhZ28uY29tXC93cC1jb250ZW50XC91cGxvYWRzXC8yMDI1XC8wNFwvRGlzZW5vLXNpbi10aXR1bG8zMTcuanBnIiwic2xpZGVzaG93IjoiOTE3OTJmMSJ9\" href='https:\/\/restaurantebarsantiago.com\/wp-content\/uploads\/2025\/04\/Diseno-sin-titulo317.jpg'><img fetchpriority=\"high\" decoding=\"async\" width=\"700\" height=\"750\" src=\"https:\/\/restaurantebarsantiago.com\/wp-content\/uploads\/2025\/04\/Diseno-sin-titulo317.jpg\" class=\"attachment-ravier-image700x750 size-ravier-image700x750\" alt=\"\" srcset=\"https:\/\/restaurantebarsantiago.com\/wp-content\/uploads\/2025\/04\/Diseno-sin-titulo317.jpg 700w, https:\/\/restaurantebarsantiago.com\/wp-content\/uploads\/2025\/04\/Diseno-sin-titulo317-280x300.jpg 280w\" sizes=\"(max-width: 700px) 100vw, 700px\" \/><\/a>\n\t\t\t<\/div><\/figure><figure class='gallery-item'>\n\t\t\t<div class='gallery-icon landscape'>\n\t\t\t\t<a data-elementor-open-lightbox=\"yes\" data-elementor-lightbox-slideshow=\"91792f1\" data-elementor-lightbox-title=\"Dise\u00f1o sin t\u00edtulo(318)\" data-e-action-hash=\"#elementor-action%3Aaction%3Dlightbox%26settings%3DeyJpZCI6MTgwOSwidXJsIjoiaHR0cHM6XC9cL3Jlc3RhdXJhbnRlYmFyc2FudGlhZ28uY29tXC93cC1jb250ZW50XC91cGxvYWRzXC8yMDI1XC8wNFwvRGlzZW5vLXNpbi10aXR1bG8zMTguanBnIiwic2xpZGVzaG93IjoiOTE3OTJmMSJ9\" href='https:\/\/restaurantebarsantiago.com\/wp-content\/uploads\/2025\/04\/Diseno-sin-titulo318.jpg'><img decoding=\"async\" width=\"700\" height=\"750\" src=\"https:\/\/restaurantebarsantiago.com\/wp-content\/uploads\/2025\/04\/Diseno-sin-titulo318-700x750.jpg\" class=\"attachment-ravier-image700x750 size-ravier-image700x750\" alt=\"\" \/><\/a>\n\t\t\t<\/div><\/figure><figure class='gallery-item'>\n\t\t\t<div class='gallery-icon portrait'>\n\t\t\t\t<a data-elementor-open-lightbox=\"yes\" data-elementor-lightbox-slideshow=\"91792f1\" data-elementor-lightbox-title=\"Dise\u00f1o sin t\u00edtulo(316)\" data-e-action-hash=\"#elementor-action%3Aaction%3Dlightbox%26settings%3DeyJpZCI6MTc3NywidXJsIjoiaHR0cHM6XC9cL3Jlc3RhdXJhbnRlYmFyc2FudGlhZ28uY29tXC93cC1jb250ZW50XC91cGxvYWRzXC8yMDI1XC8wNFwvRGlzZW5vLXNpbi10aXR1bG8zMTYuanBnIiwic2xpZGVzaG93IjoiOTE3OTJmMSJ9\" href='https:\/\/restaurantebarsantiago.com\/wp-content\/uploads\/2025\/04\/Diseno-sin-titulo316.jpg'><img decoding=\"async\" width=\"700\" height=\"750\" src=\"https:\/\/restaurantebarsantiago.com\/wp-content\/uploads\/2025\/04\/Diseno-sin-titulo316.jpg\" class=\"attachment-ravier-image700x750 size-ravier-image700x750\" alt=\"\" srcset=\"https:\/\/restaurantebarsantiago.com\/wp-content\/uploads\/2025\/04\/Diseno-sin-titulo316.jpg 700w, https:\/\/restaurantebarsantiago.com\/wp-content\/uploads\/2025\/04\/Diseno-sin-titulo316-280x300.jpg 280w\" sizes=\"(max-width: 700px) 100vw, 700px\" \/><\/a>\n\t\t\t<\/div><\/figure><figure class='gallery-item'>\n\t\t\t<div class='gallery-icon landscape'>\n\t\t\t\t<a data-elementor-open-lightbox=\"yes\" data-elementor-lightbox-slideshow=\"91792f1\" data-elementor-lightbox-title=\"Dise\u00f1o sin t\u00edtulo(308)\" data-e-action-hash=\"#elementor-action%3Aaction%3Dlightbox%26settings%3DeyJpZCI6MTc0OSwidXJsIjoiaHR0cHM6XC9cL3Jlc3RhdXJhbnRlYmFyc2FudGlhZ28uY29tXC93cC1jb250ZW50XC91cGxvYWRzXC8yMDI1XC8wNFwvRGlzZW5vLXNpbi10aXR1bG8zMDguanBnIiwic2xpZGVzaG93IjoiOTE3OTJmMSJ9\" href='https:\/\/restaurantebarsantiago.com\/wp-content\/uploads\/2025\/04\/Diseno-sin-titulo308.jpg'><img loading=\"lazy\" decoding=\"async\" width=\"700\" height=\"750\" src=\"https:\/\/restaurantebarsantiago.com\/wp-content\/uploads\/2025\/04\/Diseno-sin-titulo308-700x750.jpg\" class=\"attachment-ravier-image700x750 size-ravier-image700x750\" alt=\"\" \/><\/a>\n\t\t\t<\/div><\/figure>\n\t\t<\/div>\n\t\t<\/div>\n\t\t\t\t\t\t<\/div>\n\t\t\t\t<\/div>\n\t\t\t\t\t<\/div>\n\t\t<\/div>\n\t\t\t\t\t<\/div>\n\t\t<\/section>\n\t\t\t\t<\/div>\n\t\t","protected":false},"excerpt":{"rendered":"<p>tradici\u00f3n, sabor e producto local A nosa carta Na Cafeter\u00eda Restaurante Santiago ofrec\u00e9mosche unha carta variada con pratos caseiros, raci\u00f3ns para compartir, tenreira galega, peixes e unha coidada selecci\u00f3n de vi\u00f1os. Usamos produto local e&#8230;<\/p>\n","protected":false},"author":1,"featured_media":1821,"parent":0,"menu_order":0,"comment_status":"closed","ping_status":"closed","template":"templates\/template-fullscreen.php","meta":{"_acf_changed":false,"footnotes":""},"class_list":["post-1877","page","type-page","status-publish","has-post-thumbnail","hentry"],"acf":[],"_links":{"self":[{"href":"https:\/\/restaurantebarsantiago.com\/gl\/wp-json\/wp\/v2\/pages\/1877","targetHints":{"allow":["GET"]}}],"collection":[{"href":"https:\/\/restaurantebarsantiago.com\/gl\/wp-json\/wp\/v2\/pages"}],"about":[{"href":"https:\/\/restaurantebarsantiago.com\/gl\/wp-json\/wp\/v2\/types\/page"}],"author":[{"embeddable":true,"href":"https:\/\/restaurantebarsantiago.com\/gl\/wp-json\/wp\/v2\/users\/1"}],"replies":[{"embeddable":true,"href":"https:\/\/restaurantebarsantiago.com\/gl\/wp-json\/wp\/v2\/comments?post=1877"}],"version-history":[{"count":6,"href":"https:\/\/restaurantebarsantiago.com\/gl\/wp-json\/wp\/v2\/pages\/1877\/revisions"}],"predecessor-version":[{"id":2065,"href":"https:\/\/restaurantebarsantiago.com\/gl\/wp-json\/wp\/v2\/pages\/1877\/revisions\/2065"}],"wp:featuredmedia":[{"embeddable":true,"href":"https:\/\/restaurantebarsantiago.com\/gl\/wp-json\/wp\/v2\/media\/1821"}],"wp:attachment":[{"href":"https:\/\/restaurantebarsantiago.com\/gl\/wp-json\/wp\/v2\/media?parent=1877"}],"curies":[{"name":"wp","href":"https:\/\/api.w.org\/{rel}","templated":true}]}}