{"id":1905,"date":"2020-02-06T11:20:03","date_gmt":"2020-02-06T11:20:03","guid":{"rendered":"https:\/\/restaurantebarsantiago.com\/contacto\/"},"modified":"2025-05-05T21:49:59","modified_gmt":"2025-05-05T21:49:59","slug":"contacto","status":"publish","type":"page","link":"https:\/\/restaurantebarsantiago.com\/gl\/contacto\/","title":{"rendered":"Contacto"},"content":{"rendered":"\t\t<div data-elementor-type=\"wp-page\" data-elementor-id=\"1905\" class=\"elementor elementor-1905 elementor-144\">\n\t\t\t\t\t\t<section class=\"elementor-section elementor-top-section elementor-element elementor-element-f056fd4 elementor-section-boxed elementor-section-height-default elementor-section-height-default\" data-id=\"f056fd4\" data-element_type=\"section\" data-e-type=\"section\">\n\t\t\t\t\t\t<div class=\"elementor-container elementor-column-gap-default\">\n\t\t\t\t\t<div class=\"elementor-column elementor-col-50 elementor-top-column elementor-element elementor-element-0143063\" data-id=\"0143063\" data-element_type=\"column\" data-e-type=\"column\">\n\t\t\t<div class=\"elementor-widget-wrap elementor-element-populated\">\n\t\t\t\t\t\t<div class=\"elementor-element elementor-element-93a335f smalltitle pcolor elementor-widget elementor-widget-heading\" data-id=\"93a335f\" data-element_type=\"widget\" data-e-type=\"widget\" data-widget_type=\"heading.default\">\n\t\t\t\t<div class=\"elementor-widget-container\">\n\t\t\t\t\t<span class=\"elementor-heading-title elementor-size-default\">Queres reservar unha mesa?  <\/span>\t\t\t\t<\/div>\n\t\t\t\t<\/div>\n\t\t\t\t<div class=\"elementor-element elementor-element-7853ed9 elementor-widget elementor-widget-heading\" data-id=\"7853ed9\" data-element_type=\"widget\" data-e-type=\"widget\" data-widget_type=\"heading.default\">\n\t\t\t\t<div class=\"elementor-widget-container\">\n\t\t\t\t\t<h2 class=\"elementor-heading-title elementor-size-default\">Ch\u00e1manos, gard\u00e1molo para ti<\/h2>\t\t\t\t<\/div>\n\t\t\t\t<\/div>\n\t\t\t\t<div class=\"elementor-element elementor-element-8a0a323 elementor-widget elementor-widget-heading\" data-id=\"8a0a323\" data-element_type=\"widget\" data-e-type=\"widget\" data-widget_type=\"heading.default\">\n\t\t\t\t<div class=\"elementor-widget-container\">\n\t\t\t\t\t<p class=\"elementor-heading-title elementor-size-default\">Facer unha reserva na Cafeter\u00eda Restaurante Santiago \u00e9 tan sinxelo como chamarnos.\n Se sodes dous, catro ou v\u00e9des en grupo, s\u00f3 tedes que avisarnos.\n Preparamos a t\u00faa mesa para que s\u00f3 te preocupes de gozar.<\/p>\t\t\t\t<\/div>\n\t\t\t\t<\/div>\n\t\t\t\t<div class=\"elementor-element elementor-element-534b437 el-smalltitle elementor-widget elementor-widget-heading\" data-id=\"534b437\" data-element_type=\"widget\" data-e-type=\"widget\" data-widget_type=\"heading.default\">\n\t\t\t\t<div class=\"elementor-widget-container\">\n\t\t\t\t\t<h5 class=\"elementor-heading-title elementor-size-default\">Enderezo:<\/h5>\t\t\t\t<\/div>\n\t\t\t\t<\/div>\n\t\t\t\t<div class=\"elementor-element elementor-element-e95f814 elementor-widget elementor-widget-heading\" data-id=\"e95f814\" data-element_type=\"widget\" data-e-type=\"widget\" data-widget_type=\"heading.default\">\n\t\t\t\t<div class=\"elementor-widget-container\">\n\t\t\t\t\t<p class=\"elementor-heading-title elementor-size-default\">Paseo do Malec\u00f3n, 15 \u2013 27600 Sarria (Lugo)<\/p>\t\t\t\t<\/div>\n\t\t\t\t<\/div>\n\t\t\t\t<div class=\"elementor-element elementor-element-d61952b el-smalltitle elementor-widget elementor-widget-heading\" data-id=\"d61952b\" data-element_type=\"widget\" data-e-type=\"widget\" data-widget_type=\"heading.default\">\n\t\t\t\t<div class=\"elementor-widget-container\">\n\t\t\t\t\t<h5 class=\"elementor-heading-title elementor-size-default\">Tel\u00e9fono:<\/h5>\t\t\t\t<\/div>\n\t\t\t\t<\/div>\n\t\t\t\t<div class=\"elementor-element elementor-element-86a54d7 elementor-widget elementor-widget-heading\" data-id=\"86a54d7\" data-element_type=\"widget\" data-e-type=\"widget\" data-widget_type=\"heading.default\">\n\t\t\t\t<div class=\"elementor-widget-container\">\n\t\t\t\t\t<p class=\"elementor-heading-title elementor-size-default\"><a href=\"tel:982532564\">982 532 564<\/a><\/p>\t\t\t\t<\/div>\n\t\t\t\t<\/div>\n\t\t\t\t\t<\/div>\n\t\t<\/div>\n\t\t\t\t<div class=\"elementor-column elementor-col-50 elementor-top-column elementor-element elementor-element-c769ed5\" data-id=\"c769ed5\" data-element_type=\"column\" data-e-type=\"column\">\n\t\t\t<div class=\"elementor-widget-wrap elementor-element-populated\">\n\t\t\t\t\t\t<div class=\"elementor-element elementor-element-5655952 elementor-widget elementor-widget-html\" data-id=\"5655952\" data-element_type=\"widget\" data-e-type=\"widget\" data-widget_type=\"html.default\">\n\t\t\t\t<div class=\"elementor-widget-container\">\n\t\t\t\t\t<iframe src=\"https:\/\/www.google.com\/maps\/embed?pb=!1m18!1m12!1m3!1d5857.068322253332!2d-7.4162861095325825!3d42.7770562967883!2m3!1f0!2f0!3f0!3m2!1i1024!2i768!4f13.1!3m3!1m2!1s0xd3047ded41da407%3A0x3431f89e390c2810!2sRestaurante%20Santiago!5e0!3m2!1ses!2ses!4v1745585562219!5m2!1ses!2ses\" width=\"600\" height=\"500\" style=\"border:0;\" allowfullscreen=\"\" loading=\"lazy\" referrerpolicy=\"no-referrer-when-downgrade\"><\/iframe>\t\t\t\t<\/div>\n\t\t\t\t<\/div>\n\t\t\t\t\t<\/div>\n\t\t<\/div>\n\t\t\t\t\t<\/div>\n\t\t<\/section>\n\t\t<div class=\"elementor-element elementor-element-7f1e397 e-con-full e-flex e-con e-parent\" data-id=\"7f1e397\" data-element_type=\"container\" data-e-type=\"container\">\n\t\t<div class=\"elementor-element elementor-element-cefe0f3 e-con-full e-flex e-con e-child\" data-id=\"cefe0f3\" data-element_type=\"container\" data-e-type=\"container\" data-settings=\"{&quot;background_background&quot;:&quot;classic&quot;}\">\n\t\t<div class=\"elementor-element elementor-element-59c8d7d e-con-full e-flex e-con e-child\" data-id=\"59c8d7d\" data-element_type=\"container\" data-e-type=\"container\">\n\t\t\t\t<div class=\"elementor-element elementor-element-ab5d570 smalltitle pcolor elementor-widget elementor-widget-heading\" data-id=\"ab5d570\" data-element_type=\"widget\" data-e-type=\"widget\" data-widget_type=\"heading.default\">\n\t\t\t\t<div class=\"elementor-widget-container\">\n\t\t\t\t\t<span class=\"elementor-heading-title elementor-size-default\">O noso<\/span>\t\t\t\t<\/div>\n\t\t\t\t<\/div>\n\t\t\t\t<div class=\"elementor-element elementor-element-3a00803 elementor-widget elementor-widget-heading\" data-id=\"3a00803\" data-element_type=\"widget\" data-e-type=\"widget\" data-widget_type=\"heading.default\">\n\t\t\t\t<div class=\"elementor-widget-container\">\n\t\t\t\t\t<h2 class=\"elementor-heading-title elementor-size-default\">Horario de coci\u00f1a<\/h2>\t\t\t\t<\/div>\n\t\t\t\t<\/div>\n\t\t\t\t<div class=\"elementor-element elementor-element-0f7f099 elementor-widget elementor-widget-heading\" data-id=\"0f7f099\" data-element_type=\"widget\" data-e-type=\"widget\" data-widget_type=\"heading.default\">\n\t\t\t\t<div class=\"elementor-widget-container\">\n\t\t\t\t\t<p class=\"elementor-heading-title elementor-size-default\">12:30 \u2013 16:00<br> 19:00 \u2013 23:00\n<br> Pechado os m\u00e9rcores<\/p>\t\t\t\t<\/div>\n\t\t\t\t<\/div>\n\t\t\t\t<\/div>\n\t\t\t\t<\/div>\n\t\t\t\t<\/div>\n\t\t\t\t<\/div>\n\t\t","protected":false},"excerpt":{"rendered":"<p>Queres reservar unha mesa? Ch\u00e1manos, gard\u00e1molo para ti Facer unha reserva na Cafeter\u00eda Restaurante Santiago \u00e9 tan sinxelo como chamarnos. Se sodes dous, catro ou v\u00e9des en grupo, s\u00f3 tedes que avisarnos. Preparamos a t\u00faa&#8230;<\/p>\n","protected":false},"author":1,"featured_media":1809,"parent":0,"menu_order":0,"comment_status":"closed","ping_status":"closed","template":"templates\/template-fullscreen.php","meta":{"_acf_changed":false,"footnotes":""},"class_list":["post-1905","page","type-page","status-publish","has-post-thumbnail","hentry"],"acf":[],"_links":{"self":[{"href":"https:\/\/restaurantebarsantiago.com\/gl\/wp-json\/wp\/v2\/pages\/1905","targetHints":{"allow":["GET"]}}],"collection":[{"href":"https:\/\/restaurantebarsantiago.com\/gl\/wp-json\/wp\/v2\/pages"}],"about":[{"href":"https:\/\/restaurantebarsantiago.com\/gl\/wp-json\/wp\/v2\/types\/page"}],"author":[{"embeddable":true,"href":"https:\/\/restaurantebarsantiago.com\/gl\/wp-json\/wp\/v2\/users\/1"}],"replies":[{"embeddable":true,"href":"https:\/\/restaurantebarsantiago.com\/gl\/wp-json\/wp\/v2\/comments?post=1905"}],"version-history":[{"count":0,"href":"https:\/\/restaurantebarsantiago.com\/gl\/wp-json\/wp\/v2\/pages\/1905\/revisions"}],"wp:featuredmedia":[{"embeddable":true,"href":"https:\/\/restaurantebarsantiago.com\/gl\/wp-json\/wp\/v2\/media\/1809"}],"wp:attachment":[{"href":"https:\/\/restaurantebarsantiago.com\/gl\/wp-json\/wp\/v2\/media?parent=1905"}],"curies":[{"name":"wp","href":"https:\/\/api.w.org\/{rel}","templated":true}]}}